{"id":16469,"date":"2025-02-10T16:22:04","date_gmt":"2025-02-10T16:22:04","guid":{"rendered":"https:\/\/shesea.app\/?page_id=16469"},"modified":"2026-03-09T16:56:06","modified_gmt":"2026-03-09T16:56:06","slug":"registro-shesea-mujeres-navegantes","status":"publish","type":"page","link":"https:\/\/shesea.app\/en\/registro-shesea-mujeres-navegantes\/","title":{"rendered":"Registro Shesea"},"content":{"rendered":"<div data-elementor-type=\"wp-page\" data-elementor-id=\"16469\" class=\"elementor elementor-16469\">\n\t\t\t\t<div class=\"elementor-element elementor-element-e6ed8c5 e-grid e-con-boxed e-con e-parent\" data-id=\"e6ed8c5\" data-element_type=\"container\">\n\t\t\t\t\t<div class=\"e-con-inner\">\n\t\t<div class=\"elementor-element elementor-element-662eef9 e-con-full e-flex e-con e-child\" data-id=\"662eef9\" data-element_type=\"container\">\n\t\t\t\t<div class=\"section-title mb-70 elementor-element elementor-element-94b3cb0 elementor-widget elementor-widget-section_title\" data-id=\"94b3cb0\" data-element_type=\"widget\" data-widget_type=\"section_title.default\">\n\t\t\t\t<div class=\"elementor-widget-container\">\n\t\t\t\t\t<span class=\"name-element section-id\">Community<\/span><h2 class=\"title-element s-46\">Join Shesea and you'll get exclusive access to the app!<\/h2>\t\t\t\t<\/div>\n\t\t\t\t<\/div>\n\t\t\t\t<div class=\"elementor-element elementor-element-5b358e6 elementor-widget elementor-widget-text-editor\" data-id=\"5b358e6\" data-element_type=\"widget\" data-widget_type=\"text-editor.default\">\n\t\t\t\t<div class=\"elementor-widget-container\">\n\t\t\t\t\t\t\t\t\t<p>Leave us your name, phone number, and email address to receive exclusive information and the download link when the app is ready.<\/p>\n<p>We'd love to get to know you better so we can create a platform that truly fits your needs. It only takes a few minutes to answer these 14 questions.<span style=\"color: #000080;\"><strong><a style=\"color: #000080;\" href=\"https:\/\/shesea.app\/en\/form\/\"> Click here to get started!<\/a><\/strong><\/span><\/p>\n<p>Benefits of being one of the first to try Shesea<\/p>\n<p><img decoding=\"async\" draggable=\"false\" role=\"img\" class=\"emoji\" alt=\"1\ufe0f\u20e3\" src=\"https:\/\/s.w.org\/images\/core\/emoji\/15.1.0\/svg\/31-20e3.svg\"> <img decoding=\"async\" draggable=\"false\" role=\"img\" class=\"emoji\" alt=\"\u2705\" src=\"https:\/\/s.w.org\/images\/core\/emoji\/15.1.0\/svg\/2705.svg\"> Exclusive Early Access: Be one of the first to explore the app and enjoy all its features before anyone else.<\/p>\n<p><img decoding=\"async\" draggable=\"false\" role=\"img\" class=\"emoji\" alt=\"2\ufe0f\u20e3\" src=\"https:\/\/s.w.org\/images\/core\/emoji\/15.1.0\/svg\/32-20e3.svg\"> <img decoding=\"async\" draggable=\"false\" role=\"img\" class=\"emoji\" alt=\"\u2705\" src=\"https:\/\/s.w.org\/images\/core\/emoji\/15.1.0\/svg\/2705.svg\"> Connect with women in the maritime world: find captains, crew members, and events that will open doors for you in the industry.<\/p>\n<p><img decoding=\"async\" draggable=\"false\" role=\"img\" class=\"emoji\" alt=\"3\ufe0f\u20e3\" src=\"https:\/\/s.w.org\/images\/core\/emoji\/15.1.0\/svg\/33-20e3.svg\"> <img decoding=\"async\" draggable=\"false\" role=\"img\" class=\"emoji\" alt=\"\u2705\" src=\"https:\/\/s.w.org\/images\/core\/emoji\/15.1.0\/svg\/2705.svg\"> Unique offers and opportunities: discover exclusive events.<\/p>\n<p><img decoding=\"async\" draggable=\"false\" role=\"img\" class=\"emoji\" alt=\"4\ufe0f\u20e3\" src=\"https:\/\/s.w.org\/images\/core\/emoji\/15.1.0\/svg\/34-20e3.svg\"> <img decoding=\"async\" draggable=\"false\" role=\"img\" class=\"emoji\" alt=\"\u2705\" src=\"https:\/\/s.w.org\/images\/core\/emoji\/15.1.0\/svg\/2705.svg\"> Help shape the experience: Share your feedback and help make Shesea the perfect platform for everyone.<\/p>\t\t\t\t\t\t\t\t<\/div>\n\t\t\t\t<\/div>\n\t\t\t\t<\/div>\n\t\t\t\t<div class=\"elementor-element elementor-element-aee3018 elementor-widget elementor-widget-wpforms\" data-id=\"aee3018\" data-element_type=\"widget\" data-widget_type=\"wpforms.default\">\n\t\t\t\t<div class=\"elementor-widget-container\">\n\t\t\t\t\t<style id=\"wpforms-css-vars-elementor-widget-aee3018\">\n\t\t\t\t.elementor-widget-wpforms.elementor-element-aee3018 {\n\t\t\t\t--wpforms-field-size-input-height: 43px;\n--wpforms-field-size-input-spacing: 15px;\n--wpforms-field-size-font-size: 16px;\n--wpforms-field-size-line-height: 19px;\n--wpforms-field-size-padding-h: 14px;\n--wpforms-field-size-checkbox-size: 16px;\n--wpforms-field-size-sublabel-spacing: 5px;\n--wpforms-field-size-icon-size: 1;\n--wpforms-label-size-font-size: 16px;\n--wpforms-label-size-line-height: 19px;\n--wpforms-label-size-sublabel-font-size: 14px;\n--wpforms-label-size-sublabel-line-height: 17px;\n--wpforms-button-size-font-size: 17px;\n--wpforms-button-size-height: 41px;\n--wpforms-button-size-padding-h: 15px;\n--wpforms-button-size-margin-top: 10px;\n\n\t\t\t}\n\t\t\t<\/style><div class=\"wpforms-container wpforms-container-full wpforms-render-modern\" id=\"wpforms-16471\"><form id=\"wpforms-form-16471\" class=\"wpforms-validate wpforms-form wpforms-ajax-form\" data-formid=\"16471\" method=\"post\" enctype=\"multipart\/form-data\" action=\"\/en\/wp-json\/wp\/v2\/pages\/16469\" data-token=\"95b4243d15592b422da4441643b77467\" data-token-time=\"1777046436\" data-trp-original-action=\"\/en\/wp-json\/wp\/v2\/pages\/16469\"><noscript class=\"wpforms-error-noscript\">Please enable JavaScript in your browser to complete this form.<\/noscript><div class=\"wpforms-hidden\" id=\"wpforms-error-noscript\">Please enable JavaScript in your browser to complete this form.<\/div><div class=\"wpforms-field-container\"><div id=\"wpforms-16471-field_1-container\" class=\"wpforms-field wpforms-field-name\" data-field-id=\"1\"><fieldset><legend class=\"wpforms-field-label\">Name and Surname <span class=\"wpforms-required-label\" aria-hidden=\"true\">*<\/span><\/legend><div class=\"wpforms-field-row wpforms-field-medium\"><div class=\"wpforms-field-row-block wpforms-first wpforms-one-half\"><input type=\"text\" id=\"wpforms-16471-field_1\" class=\"wpforms-field-name-first wpforms-field-required\" name=\"wpforms[fields][1][first]\" aria-errormessage=\"wpforms-16471-field_1-error\" required><label for=\"wpforms-16471-field_1\" class=\"wpforms-field-sublabel after\">First<\/label><\/div><div class=\"wpforms-field-row-block wpforms-one-half\"><input type=\"text\" id=\"wpforms-16471-field_1-last\" class=\"wpforms-field-name-last wpforms-field-required\" name=\"wpforms[fields][1][last]\" aria-errormessage=\"wpforms-16471-field_1-last-error\" required><label for=\"wpforms-16471-field_1-last\" class=\"wpforms-field-sublabel after\">Last<\/label><\/div><\/div><\/fieldset><\/div><div id=\"wpforms-16471-field_6-container\" class=\"wpforms-field wpforms-field-number\" data-field-id=\"6\"><label class=\"wpforms-field-label\" for=\"wpforms-16471-field_6\">Phone number <span class=\"wpforms-required-label\" aria-hidden=\"true\">*<\/span><\/label><input type=\"number\" id=\"wpforms-16471-field_6\" class=\"wpforms-field-medium wpforms-field-required\" name=\"wpforms[fields][6]\" aria-errormessage=\"wpforms-16471-field_6-error\" required><\/div><div id=\"wpforms-16471-field_2-container\" class=\"wpforms-field wpforms-field-email\" data-field-id=\"2\"><label class=\"wpforms-field-label\" for=\"wpforms-16471-field_2\">Email <span class=\"wpforms-required-label\" aria-hidden=\"true\">*<\/span><\/label><input type=\"email\" id=\"wpforms-16471-field_2\" class=\"wpforms-field-medium wpforms-field-required\" name=\"wpforms[fields][2]\" spellcheck=\"false\" aria-errormessage=\"wpforms-16471-field_2-error\" required><\/div><div id=\"wpforms-16471-field_3-container\" class=\"wpforms-field wpforms-field-textarea\" data-field-id=\"3\"><label class=\"wpforms-field-label\" for=\"wpforms-16471-field_3\">Want to say something? I'm all hears.<\/label><textarea id=\"wpforms-16471-field_3\" class=\"wpforms-field-medium\" name=\"wpforms[fields][3]\" aria-errormessage=\"wpforms-16471-field_3-error\" ><\/textarea><\/div><div id=\"wpforms-16471-field_4-container\" class=\"wpforms-field wpforms-field-checkbox\" data-field-id=\"4\"><fieldset><legend class=\"wpforms-field-label\">Verify <span class=\"wpforms-required-label\" aria-hidden=\"true\">*<\/span><\/legend><ul id=\"wpforms-16471-field_4\" class=\"wpforms-field-required\"><li class=\"choice-1 depth-1\"><input type=\"checkbox\" id=\"wpforms-16471-field_4_1\" name=\"wpforms[fields][4][]\" value=\"Acepto &lt;a href=&quot;https:\/\/shesea.app\/privacy-policy&quot; target=&quot;_blank&quot;&gt;la Pol\u00edtica de Privacidad&lt;\/a&gt;\" aria-errormessage=\"wpforms-16471-field_4_1-error\" required><label class=\"wpforms-field-label-inline\" for=\"wpforms-16471-field_4_1\">Accept <a href=\"https:\/\/shesea.app\/en\/privacy-policy\/\" target=\"_blank\">Privacy Policy<\/a><\/label><\/li><\/ul><\/fieldset><\/div><\/div><!-- .wpforms-field-container --><div class=\"wpforms-recaptcha-container wpforms-is-recaptcha wpforms-is-recaptcha-type-v2\" ><div class=\"g-recaptcha\" data-sitekey=\"6LcSkuQqAAAAAExHqFQ3YV7rRKRL2SxrVlDAPSa3\"><\/div><input type=\"text\" name=\"g-recaptcha-hidden\" class=\"wpforms-recaptcha-hidden\" style=\"position:absolute!important;clip:rect(0,0,0,0)!important;height:1px!important;width:1px!important;border:0!important;overflow:hidden!important;padding:0!important;margin:0!important;\" data-rule-recaptcha=\"1\"><\/div><div class=\"wpforms-submit-container\" ><input type=\"hidden\" name=\"wpforms[id]\" value=\"16471\"><input type=\"hidden\" name=\"page_title\" value=\"\"><input type=\"hidden\" name=\"page_url\" value=\"https:\/\/shesea.app\/en\/wp-json\/wp\/v2\/pages\/16469\"><button type=\"submit\" name=\"wpforms[submit]\" id=\"wpforms-submit-16471\" class=\"wpforms-submit\" data-alt-text=\"Sending...\" data-submit-text=\"Send\" aria-live=\"assertive\" value=\"wpforms-submit\">Send<\/button><img decoding=\"async\" src=\"https:\/\/shesea.app\/wp-content\/plugins\/wpforms-lite\/assets\/images\/submit-spin.svg\" class=\"wpforms-submit-spinner\" style=\"display: none;\" width=\"26\" height=\"26\" alt=\"Loading\"><\/div><input type=\"hidden\" name=\"trp-form-language\" value=\"en\"\/><\/form><\/div>  <!-- .wpforms-container -->\t\t\t\t<\/div>\n\t\t\t\t<\/div>\n\t\t\t\t\t<\/div>\n\t\t\t\t<\/div>\n\t\t\t\t<\/div>","protected":false},"excerpt":{"rendered":"<p>\u00danete a la comunidad \u00a1\u00danete a Shesea y podr\u00e1s tener acceso exclusivo a la app! D\u00e9janos tu nombre, tel\u00e9fono y correo electr\u00f3nico para recibir informaci\u00f3n exclusiva y el enlace de descarga cuando la aplicaci\u00f3n est\u00e9 lista. Nos encantar\u00eda conocerte mejor para crear una plataforma que realmente se adapte a tus necesidades. Solo toma unos minutos&hellip;<\/p>","protected":false},"author":1,"featured_media":0,"parent":0,"menu_order":0,"comment_status":"closed","ping_status":"closed","template":"","meta":{"footnotes":""},"class_list":["post-16469","page","type-page","status-publish","hentry","entry"],"_links":{"self":[{"href":"https:\/\/shesea.app\/en\/wp-json\/wp\/v2\/pages\/16469","targetHints":{"allow":["GET"]}}],"collection":[{"href":"https:\/\/shesea.app\/en\/wp-json\/wp\/v2\/pages"}],"about":[{"href":"https:\/\/shesea.app\/en\/wp-json\/wp\/v2\/types\/page"}],"author":[{"embeddable":true,"href":"https:\/\/shesea.app\/en\/wp-json\/wp\/v2\/users\/1"}],"replies":[{"embeddable":true,"href":"https:\/\/shesea.app\/en\/wp-json\/wp\/v2\/comments?post=16469"}],"version-history":[{"count":41,"href":"https:\/\/shesea.app\/en\/wp-json\/wp\/v2\/pages\/16469\/revisions"}],"predecessor-version":[{"id":17587,"href":"https:\/\/shesea.app\/en\/wp-json\/wp\/v2\/pages\/16469\/revisions\/17587"}],"wp:attachment":[{"href":"https:\/\/shesea.app\/en\/wp-json\/wp\/v2\/media?parent=16469"}],"curies":[{"name":"wp","href":"https:\/\/api.w.org\/{rel}","templated":true}]}}