{"id":645,"date":"2023-07-26T04:08:03","date_gmt":"2023-07-26T04:08:03","guid":{"rendered":"https:\/\/jthemes.net\/themes\/wp\/martex\/?page_id=645"},"modified":"2025-11-04T16:55:46","modified_gmt":"2025-11-04T16:55:46","slug":"contact-us","status":"publish","type":"page","link":"https:\/\/shesea.app\/en\/contact-us\/","title":{"rendered":"Contact Us"},"content":{"rendered":"<div data-elementor-type=\"wp-page\" data-elementor-id=\"645\" class=\"elementor elementor-645\">\n\t\t\t\t<header class=\"elementor-element elementor-element-92c3055 e-flex e-con-boxed e-con e-parent\" data-id=\"92c3055\" data-element_type=\"container\">\n\t\t\t\t\t<div class=\"e-con-inner\">\n\t\t<div class=\"elementor-element elementor-element-c3ddee6 e-con-full e-flex e-con e-child\" data-id=\"c3ddee6\" data-element_type=\"container\">\n\t\t\t\t<div class=\"txt-block elementor-element elementor-element-5154dd5 elementor-widget elementor-widget-content-text\" data-id=\"5154dd5\" data-element_type=\"widget\" data-widget_type=\"content-text.default\">\n\t\t\t\t<div class=\"elementor-widget-container\">\n\t\t\t\t\t<span class=\"name-element section-id\">Contact us<\/span><h2 class=\"title-element s-46\">Have questions? Contact us<\/h2><p>\u00a0<\/p><p>Want to know more about Shesea? Have something to share with us? Let us know what you need and we'll get back to you right away.<img decoding=\"async\" class=\"emoji\" role=\"img\" src=\"https:\/\/s.w.org\/images\/core\/emoji\/15.0.3\/svg\/2693.svg\" alt=\"\u2693\" \/><img decoding=\"async\" class=\"emoji\" role=\"img\" src=\"https:\/\/s.w.org\/images\/core\/emoji\/15.0.3\/svg\/1f499.svg\" alt=\"\ud83d\udc99\" \/><\/p><p>You can also write to hello@shesea.app<\/p>\t\t\t\t<\/div>\n\t\t\t\t<\/div>\n\t\t\t\t<\/div>\n\t\t<div class=\"elementor-element elementor-element-3136acc e-con-full e-flex e-con e-child\" data-id=\"3136acc\" data-element_type=\"container\">\n\t\t\t\t<div class=\"elementor-element elementor-element-2e01573 elementor-widget elementor-widget-shortcode\" data-id=\"2e01573\" data-element_type=\"widget\" data-widget_type=\"shortcode.default\">\n\t\t\t\t<div class=\"elementor-widget-container\">\n\t\t\t\t\t\t\t<div class=\"elementor-shortcode\"><div class=\"wpforms-container wpforms-container-full wpforms-render-modern\" id=\"wpforms-17300\"><form id=\"wpforms-form-17300\" class=\"wpforms-validate wpforms-form wpforms-ajax-form\" data-formid=\"17300\" method=\"post\" enctype=\"multipart\/form-data\" action=\"\/en\/wp-json\/wp\/v2\/pages\/645\" data-token=\"9862258b7f32cfe3b23aa30cc4c8e2aa\" data-token-time=\"1776662277\" data-trp-original-action=\"\/en\/wp-json\/wp\/v2\/pages\/645\"><noscript class=\"wpforms-error-noscript\">Please enable JavaScript in your browser to complete this form.<\/noscript><div class=\"wpforms-hidden\" id=\"wpforms-error-noscript\">Please enable JavaScript in your browser to complete this form.<\/div><div class=\"wpforms-field-container\"><div id=\"wpforms-17300-field_1-container\" class=\"wpforms-field wpforms-field-name\" data-field-id=\"1\"><fieldset><legend class=\"wpforms-field-label\">Name <span class=\"wpforms-required-label\" aria-hidden=\"true\">*<\/span><\/legend><div class=\"wpforms-field-row wpforms-field-medium\"><div class=\"wpforms-field-row-block wpforms-first wpforms-one-half\"><input type=\"text\" id=\"wpforms-17300-field_1\" class=\"wpforms-field-name-first wpforms-field-required\" name=\"wpforms[fields][1][first]\" aria-errormessage=\"wpforms-17300-field_1-error\" required><label for=\"wpforms-17300-field_1\" class=\"wpforms-field-sublabel after\">First<\/label><\/div><div class=\"wpforms-field-row-block wpforms-one-half\"><input type=\"text\" id=\"wpforms-17300-field_1-last\" class=\"wpforms-field-name-last wpforms-field-required\" name=\"wpforms[fields][1][last]\" aria-errormessage=\"wpforms-17300-field_1-last-error\" required><label for=\"wpforms-17300-field_1-last\" class=\"wpforms-field-sublabel after\">Last<\/label><\/div><\/div><\/fieldset><\/div><div id=\"wpforms-17300-field_2-container\" class=\"wpforms-field wpforms-field-email\" data-field-id=\"2\"><label class=\"wpforms-field-label\" for=\"wpforms-17300-field_2\">Email <span class=\"wpforms-required-label\" aria-hidden=\"true\">*<\/span><\/label><input type=\"email\" id=\"wpforms-17300-field_2\" class=\"wpforms-field-medium wpforms-field-required\" name=\"wpforms[fields][2]\" spellcheck=\"false\" aria-errormessage=\"wpforms-17300-field_2-error\" required><\/div><div id=\"wpforms-17300-field_4-container\" class=\"wpforms-field wpforms-field-number\" data-field-id=\"4\"><label class=\"wpforms-field-label\" for=\"wpforms-17300-field_4\">Phone number<\/label><input type=\"number\" id=\"wpforms-17300-field_4\" class=\"wpforms-field-medium\" name=\"wpforms[fields][4]\" aria-errormessage=\"wpforms-17300-field_4-error\" ><\/div><div id=\"wpforms-17300-field_3-container\" class=\"wpforms-field wpforms-field-textarea\" data-field-id=\"3\"><label class=\"wpforms-field-label\" for=\"wpforms-17300-field_3\">Say something... <span class=\"wpforms-required-label\" aria-hidden=\"true\">*<\/span><\/label><textarea id=\"wpforms-17300-field_3\" class=\"wpforms-field-medium wpforms-field-required\" name=\"wpforms[fields][3]\" aria-errormessage=\"wpforms-17300-field_3-error\" aria-describedby=\"wpforms-17300-field_3-description\" required><\/textarea><div id=\"wpforms-17300-field_3-description\" class=\"wpforms-field-description\">Me gustar\u00eda decir...<\/div><\/div><div id=\"wpforms-17300-field_5-container\" class=\"wpforms-field wpforms-field-checkbox\" data-field-id=\"5\"><fieldset><legend class=\"wpforms-field-label\">Accept <span class=\"wpforms-required-label\" aria-hidden=\"true\">*<\/span><\/legend><ul id=\"wpforms-17300-field_5\" class=\"wpforms-field-required\"><li class=\"choice-1 depth-1\"><input type=\"checkbox\" id=\"wpforms-17300-field_5_1\" name=\"wpforms[fields][5][]\" value=\"Acepto la &lt;a target=&quot;_blank&quot; href=&quot;\/privacy-policy&quot;&gt;Pol\u00edtica de Privacidad&lt;\/a&gt;.\" aria-errormessage=\"wpforms-17300-field_5_1-error\" required><label class=\"wpforms-field-label-inline\" for=\"wpforms-17300-field_5_1\">I accept the <a target=\"_blank\" href=\"\/en\/privacy-policy\/\">Privacy Policy<\/a>.<\/label><\/li><\/ul><\/fieldset><\/div><\/div><!-- .wpforms-field-container --><div class=\"wpforms-recaptcha-container wpforms-is-recaptcha wpforms-is-recaptcha-type-v2\" ><div class=\"g-recaptcha\" data-sitekey=\"6LcSkuQqAAAAAExHqFQ3YV7rRKRL2SxrVlDAPSa3\"><\/div><input type=\"text\" name=\"g-recaptcha-hidden\" class=\"wpforms-recaptcha-hidden\" style=\"position:absolute!important;clip:rect(0,0,0,0)!important;height:1px!important;width:1px!important;border:0!important;overflow:hidden!important;padding:0!important;margin:0!important;\" data-rule-recaptcha=\"1\"><\/div><div class=\"wpforms-submit-container\" ><input type=\"hidden\" name=\"wpforms[id]\" value=\"17300\"><input type=\"hidden\" name=\"page_title\" value=\"\"><input type=\"hidden\" name=\"page_url\" value=\"https:\/\/shesea.app\/en\/wp-json\/wp\/v2\/pages\/645\"><button type=\"submit\" name=\"wpforms[submit]\" id=\"wpforms-submit-17300\" class=\"wpforms-submit\" data-alt-text=\"Enviando...\" data-submit-text=\"Enviar\" aria-live=\"assertive\" value=\"wpforms-submit\">Send<\/button><img decoding=\"async\" src=\"https:\/\/shesea.app\/wp-content\/plugins\/wpforms-lite\/assets\/images\/submit-spin.svg\" class=\"wpforms-submit-spinner\" style=\"display: none;\" width=\"26\" height=\"26\" alt=\"Loading\"><\/div><input type=\"hidden\" name=\"trp-form-language\" value=\"en\"\/><\/form><\/div>  <!-- .wpforms-container --><\/div>\n\t\t\t\t\t\t<\/div>\n\t\t\t\t<\/div>\n\t\t\t\t<\/div>\n\t\t\t\t\t<\/div>\n\t\t\t\t<\/header>\n\t\t\t\t<section class=\"elementor-section elementor-top-section elementor-element elementor-element-64a151b6 elementor-section-full_width elementor-section-content-middle mc-response-form elementor-hidden-desktop elementor-hidden-tablet elementor-hidden-mobile elementor-section-height-default elementor-section-height-default\" data-id=\"64a151b6\" data-element_type=\"section\">\n\t\t\t\t\t\t<div class=\"elementor-container elementor-column-gap-no\">\n\t\t\t\t\t<div class=\"elementor-column elementor-col-100 elementor-top-column elementor-element elementor-element-6216016c\" data-id=\"6216016c\" data-element_type=\"column\">\n\t\t\t<div class=\"elementor-widget-wrap elementor-element-populated\">\n\t\t\t\t\t\t<div class=\"elementor-element elementor-element-4d91dc1a elementor-widget-divider--view-line elementor-widget elementor-widget-divider\" data-id=\"4d91dc1a\" data-element_type=\"widget\" data-widget_type=\"divider.default\">\n\t\t\t\t<div class=\"elementor-widget-container\">\n\t\t\t\t\t\t\t<div class=\"elementor-divider\">\n\t\t\t<span class=\"elementor-divider-separator\">\n\t\t\t\t\t\t<\/span>\n\t\t<\/div>\n\t\t\t\t\t\t<\/div>\n\t\t\t\t<\/div>\n\t\t\t\t<section class=\"elementor-section elementor-inner-section elementor-element elementor-element-2e242d33 elementor-section-content-middle elementor-section-boxed elementor-section-height-default elementor-section-height-default\" data-id=\"2e242d33\" data-element_type=\"section\">\n\t\t\t\t\t\t<div class=\"elementor-container elementor-column-gap-extended\">\n\t\t\t\t\t<div class=\"elementor-column elementor-col-50 elementor-inner-column elementor-element elementor-element-cd9f2da\" data-id=\"cd9f2da\" data-element_type=\"column\">\n\t\t\t<div class=\"elementor-widget-wrap elementor-element-populated\">\n\t\t\t\t\t\t<div class=\"txt-block elementor-element elementor-element-58781b48 elementor-widget elementor-widget-content-text\" data-id=\"58781b48\" data-element_type=\"widget\" data-widget_type=\"content-text.default\">\n\t\t\t\t<div class=\"elementor-widget-container\">\n\t\t\t\t\t<h2 class=\"title-element s-36\">\nStay up to date with our news, ideas and updates\n<\/h2>\t\t\t\t<\/div>\n\t\t\t\t<\/div>\n\t\t\t\t\t<\/div>\n\t\t<\/div>\n\t\t\t\t<div class=\"elementor-column elementor-col-50 elementor-inner-column elementor-element elementor-element-1772971f\" data-id=\"1772971f\" data-element_type=\"column\">\n\t\t\t<div class=\"elementor-widget-wrap elementor-element-populated\">\n\t\t\t\t\t\t<div class=\"elementor-element elementor-element-401bf968 elementor-widget elementor-widget-shortcode\" data-id=\"401bf968\" data-element_type=\"widget\" data-widget_type=\"shortcode.default\">\n\t\t\t\t<div class=\"elementor-widget-container\">\n\t\t\t\t\t\t\t<div class=\"elementor-shortcode\">\t\t<div id=\"newsletter-1\" class=\"form-newsletters newsletter-section\">\r\n\t\t\t<form id=\"mc-form\" class=\"newsletter-form\" novalidate=\"true\" action=\"\">\r\n\t\t\t\t<div class=\"form-group input-group\">\r\n\t\t\t\t\t<input id=\"mc-email\" name=\"EMAIL\" class=\"input-email form-control\" autocomplete=\"off\" type=\"email\" placeholder=\"Your email address\" required=\"required\">\r\n\t\t\t\t\t<span class=\"input-group-btn\">\r\n\t\t\t\t\t\t<button type=\"submit\" class=\"btn btn--theme hover--theme\">Subscribe Now<\/button>\r\n\t\t\t\t\t<\/span>\r\n\t\t\t\t<\/div>\r\n\t\t\t<input type=\"hidden\" name=\"trp-form-language\" value=\"en\"\/><\/form>\r\n\r\n\t\t\t<div id=\"mc-response\" class=\"mc-response mt-15\"><\/div>\r\n\t\t<\/div>\r\n\t<\/div>\n\t\t\t\t\t\t<\/div>\n\t\t\t\t<\/div>\n\t\t\t\t\t<\/div>\n\t\t<\/div>\n\t\t\t\t\t<\/div>\n\t\t<\/section>\n\t\t\t\t<div class=\"elementor-element elementor-element-26a8b5ee elementor-widget-divider--view-line elementor-widget elementor-widget-divider\" data-id=\"26a8b5ee\" data-element_type=\"widget\" data-widget_type=\"divider.default\">\n\t\t\t\t<div class=\"elementor-widget-container\">\n\t\t\t\t\t\t\t<div class=\"elementor-divider\">\n\t\t\t<span class=\"elementor-divider-separator\">\n\t\t\t\t\t\t<\/span>\n\t\t<\/div>\n\t\t\t\t\t\t<\/div>\n\t\t\t\t<\/div>\n\t\t\t\t\t<\/div>\n\t\t<\/div>\n\t\t\t\t\t<\/div>\n\t\t<\/section>\n\t\t\t\t<\/div>","protected":false},"excerpt":{"rendered":"<p>Cont\u00e1ctanos \u00bfTienes preguntas? Cont\u00e1ctanos \u00a0 \u00bfQuieres saber m\u00e1s sobre Shesea? \u00bfTienes algo que compartir con nosotras? D\u00e9janos saber qu\u00e9 necesitas y te responderemos de inmediato. Tambi\u00e9n puedes escribir a hello@shesea.app Stay up to date with our news, ideas and updates<\/p>","protected":false},"author":1,"featured_media":0,"parent":0,"menu_order":0,"comment_status":"closed","ping_status":"closed","template":"","meta":{"footnotes":""},"class_list":["post-645","page","type-page","status-publish","hentry","entry"],"_links":{"self":[{"href":"https:\/\/shesea.app\/en\/wp-json\/wp\/v2\/pages\/645","targetHints":{"allow":["GET"]}}],"collection":[{"href":"https:\/\/shesea.app\/en\/wp-json\/wp\/v2\/pages"}],"about":[{"href":"https:\/\/shesea.app\/en\/wp-json\/wp\/v2\/types\/page"}],"author":[{"embeddable":true,"href":"https:\/\/shesea.app\/en\/wp-json\/wp\/v2\/users\/1"}],"replies":[{"embeddable":true,"href":"https:\/\/shesea.app\/en\/wp-json\/wp\/v2\/comments?post=645"}],"version-history":[{"count":24,"href":"https:\/\/shesea.app\/en\/wp-json\/wp\/v2\/pages\/645\/revisions"}],"predecessor-version":[{"id":17579,"href":"https:\/\/shesea.app\/en\/wp-json\/wp\/v2\/pages\/645\/revisions\/17579"}],"wp:attachment":[{"href":"https:\/\/shesea.app\/en\/wp-json\/wp\/v2\/media?parent=645"}],"curies":[{"name":"wp","href":"https:\/\/api.w.org\/{rel}","templated":true}]}}